{"id":72,"date":"2024-11-24T09:50:20","date_gmt":"2024-11-24T08:50:20","guid":{"rendered":"http:\/\/pfeiffer.sowidesign.de\/?page_id=72"},"modified":"2026-03-25T13:56:45","modified_gmt":"2026-03-25T12:56:45","slug":"die-stiftung","status":"publish","type":"page","link":"https:\/\/pfeifferstiftung.eu\/index.php\/die-stiftung\/","title":{"rendered":"Die Stiftung"},"content":{"rendered":"\t\t<div data-elementor-type=\"wp-page\" data-elementor-id=\"72\" class=\"elementor elementor-72\">\n\t\t\t\t<div class=\"elementor-element elementor-element-b700998 e-flex e-con-boxed e-con e-parent\" data-id=\"b700998\" data-element_type=\"container\" data-e-type=\"container\">\n\t\t\t\t\t<div class=\"e-con-inner\">\n\t\t\t\t<div class=\"elementor-element elementor-element-2a73fb1 elementor-widget elementor-widget-text-editor\" data-id=\"2a73fb1\" data-element_type=\"widget\" data-e-type=\"widget\" data-widget_type=\"text-editor.default\">\n\t\t\t\t<div class=\"elementor-widget-container\">\n\t\t\t\t\t\t\t\t\t<h1>Die Stiftung<\/h1><p>Gabriele und Rainer Pfeiffer blicken auf ein erfolgreiches Leben als Unternehmerehepaar zur\u00fcck. Die F\u00f6rderung sozialer Belange war beiden zeitlebens wichtig. Deshalb gr\u00fcndeten sie im Jahr 2023 die Gabriele und Rainer Pfeiffer Stiftung.<\/p><p>Im Mittelpunkt der Stiftungsarbeit stehen benachteiligte, gehandicapte, hilfebed\u00fcrftige und Not leidende Kinder. Durch nachhaltige Projekte sollen zugleich gesellschaftliche Entwicklungen angesto\u00dfen werden.<\/p><p>Eva-Maria Schulte und Professor Christoph Ehrhardt standen in der Gr\u00fcndungsphase der Stiftung Gabriele und Rainer Pfeiffer mit Rat und Tat zur Seite. Zusammen mit Gabriele Pfeiffers Nichte, Julia Bofinger, bilden sie nun das Kuratorium der Stiftung. Es tagt mehrmals im Jahr und entscheidet \u00fcber die Projektf\u00f6rderungen.<\/p>\t\t\t\t\t\t\t\t<\/div>\n\t\t\t\t<\/div>\n\t\t\t\t\t<\/div>\n\t\t\t\t<\/div>\n\t\t<div class=\"elementor-element elementor-element-b63ffc8 e-flex e-con-boxed e-con e-parent\" data-id=\"b63ffc8\" data-element_type=\"container\" data-e-type=\"container\" data-settings=\"{&quot;background_background&quot;:&quot;classic&quot;}\">\n\t\t\t\t\t<div class=\"e-con-inner\">\n\t\t<div class=\"elementor-element elementor-element-e818965 e-con-full e-flex e-con e-child\" data-id=\"e818965\" data-element_type=\"container\" data-e-type=\"container\" data-settings=\"{&quot;background_background&quot;:&quot;classic&quot;}\">\n\t\t\t\t<\/div>\n\t\t\t\t<div class=\"elementor-element elementor-element-3026730 elementor-widget elementor-widget-menu-anchor\" data-id=\"3026730\" data-element_type=\"widget\" data-e-type=\"widget\" data-widget_type=\"menu-anchor.default\">\n\t\t\t\t<div class=\"elementor-widget-container\">\n\t\t\t\t\t\t\t<div class=\"elementor-menu-anchor\" id=\"g-pfeiffer\"><\/div>\n\t\t\t\t\t\t<\/div>\n\t\t\t\t<\/div>\n\t\t\t\t\t<\/div>\n\t\t\t\t<\/div>\n\t\t<div class=\"elementor-element elementor-element-2e7f77c e-grid e-con-boxed e-con e-parent\" data-id=\"2e7f77c\" data-element_type=\"container\" data-e-type=\"container\" data-settings=\"{&quot;background_background&quot;:&quot;classic&quot;}\">\n\t\t\t\t\t<div class=\"e-con-inner\">\n\t\t<div class=\"elementor-element elementor-element-aef2506 e-con-full team-photo e-flex e-con e-child\" data-id=\"aef2506\" data-element_type=\"container\" data-e-type=\"container\" data-settings=\"{&quot;background_background&quot;:&quot;classic&quot;}\">\n\t\t\t\t<\/div>\n\t\t\t\t<div class=\"elementor-element elementor-element-0a4d85c elementor-widget elementor-widget-text-editor\" data-id=\"0a4d85c\" data-element_type=\"widget\" data-e-type=\"widget\" data-widget_type=\"text-editor.default\">\n\t\t\t\t<div class=\"elementor-widget-container\">\n\t\t\t\t\t\t\t\t\t<h2>Gabriele Pfeiffer<\/h2><h3>\u201eHelfen k\u00f6nnen \u2013 das ist ein wunderbares Gef\u00fchl\u201c<\/h3><p>Schwierige Zeiten lassen sich besser bew\u00e4ltigen, wenn man bereit ist, f\u00fcr sich selbst Verantwortung zu \u00fcbernehmen. Das habe ich in meinem Leben immer wieder erfahren. Nicht alle Menschen haben jedoch die M\u00f6glichkeit, ihr Leben in die eigene Hand zu nehmen. Mit unserer Stiftung retten wir nicht die Welt, aber wir k\u00f6nnen hier und dort etwas ausgleichen.<\/p><p>Besonders am Herzen liegt mir aktuell unser Engagement f\u00fcr die M\u00e4dchenschule in Indien. Dass wir gerade dort aktiv sind, hat einen pers\u00f6nlichen Grund: Vor vielen Jahren habe ich die ayurvedische Medizin und Ern\u00e4hrung f\u00fcr mich entdeckt. F\u00fcr mich war und ist das ein gro\u00dfes Geschenk, f\u00fcr das ich sehr dankbar bin.<\/p>\t\t\t\t\t\t\t\t<\/div>\n\t\t\t\t<\/div>\n\t\t\t\t<div class=\"elementor-element elementor-element-2bf7496 elementor-widget elementor-widget-menu-anchor\" data-id=\"2bf7496\" data-element_type=\"widget\" data-e-type=\"widget\" data-widget_type=\"menu-anchor.default\">\n\t\t\t\t<div class=\"elementor-widget-container\">\n\t\t\t\t\t\t\t<div class=\"elementor-menu-anchor\" id=\"ehrhardt\"><\/div>\n\t\t\t\t\t\t<\/div>\n\t\t\t\t<\/div>\n\t\t\t\t\t<\/div>\n\t\t\t\t<\/div>\n\t\t<div class=\"elementor-element elementor-element-53a64e3 e-grid e-con-boxed e-con e-parent\" data-id=\"53a64e3\" data-element_type=\"container\" data-e-type=\"container\">\n\t\t\t\t\t<div class=\"e-con-inner\">\n\t\t\t\t<div class=\"elementor-element elementor-element-b0d0237 elementor-widget elementor-widget-text-editor\" data-id=\"b0d0237\" data-element_type=\"widget\" data-e-type=\"widget\" data-widget_type=\"text-editor.default\">\n\t\t\t\t<div class=\"elementor-widget-container\">\n\t\t\t\t\t\t\t\t\t<h2>Prof. Christoph Ehrhardt<\/h2><h3>&#8222;Gemeinsam k\u00f6nnen wir etwas bewegen\u201c<\/h3><p>Anderen zu helfen, ist mir eine Herzensangelegenheit!<\/p><p>Meine Erfahrung durch die Arbeit in der mit meiner Familie gegr\u00fcndeten eigenen Stiftung, die M\u00e4dchen in Not in Indien zu Bildung und somit zu einem besseren Leben verhilft, will ich in die Gabriele und Rainer Pfeiffer Stiftung einbringen. Ein klares Profil hilft uns bei der Auswahl geeigneter Projekte.<\/p>\t\t\t\t\t\t\t\t<\/div>\n\t\t\t\t<\/div>\n\t\t<div class=\"elementor-element elementor-element-5ab0899 e-con-full team-photo e-flex e-con e-child\" data-id=\"5ab0899\" data-element_type=\"container\" data-e-type=\"container\" data-settings=\"{&quot;background_background&quot;:&quot;classic&quot;}\">\n\t\t\t\t<\/div>\n\t\t\t\t<div class=\"elementor-element elementor-element-053acb1 elementor-widget elementor-widget-menu-anchor\" data-id=\"053acb1\" data-element_type=\"widget\" data-e-type=\"widget\" data-widget_type=\"menu-anchor.default\">\n\t\t\t\t<div class=\"elementor-widget-container\">\n\t\t\t\t\t\t\t<div class=\"elementor-menu-anchor\" id=\"r-pfeiffer\"><\/div>\n\t\t\t\t\t\t<\/div>\n\t\t\t\t<\/div>\n\t\t\t\t\t<\/div>\n\t\t\t\t<\/div>\n\t\t<div class=\"elementor-element elementor-element-90f1d01 e-grid e-con-boxed e-con e-parent\" data-id=\"90f1d01\" data-element_type=\"container\" data-e-type=\"container\" data-settings=\"{&quot;background_background&quot;:&quot;classic&quot;}\">\n\t\t\t\t\t<div class=\"e-con-inner\">\n\t\t<div class=\"elementor-element elementor-element-a0945d6 e-con-full team-photo e-flex e-con e-child\" data-id=\"a0945d6\" data-element_type=\"container\" data-e-type=\"container\" data-settings=\"{&quot;background_background&quot;:&quot;classic&quot;}\">\n\t\t\t\t<\/div>\n\t\t\t\t<div class=\"elementor-element elementor-element-80de8ed elementor-widget elementor-widget-text-editor\" data-id=\"80de8ed\" data-element_type=\"widget\" data-e-type=\"widget\" data-widget_type=\"text-editor.default\">\n\t\t\t\t<div class=\"elementor-widget-container\">\n\t\t\t\t\t\t\t\t\t<h2>Rainer Pfeiffer<\/h2><h3>\u201eNicht lange reden \u2013 machen!\u201c<\/h3><p>Die \u00c4rmel hochkrempeln und etwas anpacken \u2013 das war f\u00fcr mich schon immer selbstverst\u00e4ndlich.<\/p><p>Komplizierte Verfahren mag ich \u00fcberhaupt nicht. Unsere Stiftung unterst\u00fctzt deshalb schnell und unb\u00fcrokratisch. Wichtig ist uns der pers\u00f6nliche Bezug. Wir \u00fcberweisen nicht einfach nur Geld, sondern sind auch gerne vor Ort dabei.<\/p><p>Kindern und Jugendlichen in allen Lebensbereichen und \u00fcberall auf der Welt zu helfen, ist uns ein Herzensbed\u00fcrfnis.<br \/>Bis heute macht es mir Freude, L\u00f6sungen zu finden und gute Ideen in Schwung zu bringen. Wichtig ist, dass man die Dinge nicht zerredet, sondern mutig durchf\u00fchrt.<\/p>\t\t\t\t\t\t\t\t<\/div>\n\t\t\t\t<\/div>\n\t\t\t\t<div class=\"elementor-element elementor-element-f90dc18 elementor-widget elementor-widget-menu-anchor\" data-id=\"f90dc18\" data-element_type=\"widget\" data-e-type=\"widget\" data-widget_type=\"menu-anchor.default\">\n\t\t\t\t<div class=\"elementor-widget-container\">\n\t\t\t\t\t\t\t<div class=\"elementor-menu-anchor\" id=\"bofinger\"><\/div>\n\t\t\t\t\t\t<\/div>\n\t\t\t\t<\/div>\n\t\t\t\t\t<\/div>\n\t\t\t\t<\/div>\n\t\t<div class=\"elementor-element elementor-element-a98c6cc e-grid e-con-boxed e-con e-parent\" data-id=\"a98c6cc\" data-element_type=\"container\" data-e-type=\"container\">\n\t\t\t\t\t<div class=\"e-con-inner\">\n\t\t\t\t<div class=\"elementor-element elementor-element-2998637 elementor-widget elementor-widget-text-editor\" data-id=\"2998637\" data-element_type=\"widget\" data-e-type=\"widget\" data-widget_type=\"text-editor.default\">\n\t\t\t\t<div class=\"elementor-widget-container\">\n\t\t\t\t\t\t\t\t\t<h2>Julia Bofinger<\/h2><h3>\u201eStrahlende Kinderaugen \u2013 das ist das Sch\u00f6nste\u201c<\/h3><p>Kinder haben ein Recht darauf, sich zu entwickeln und ihre M\u00f6glichkeiten zu entdecken. Davon bin ich fest \u00fcberzeugt. Deshalb m\u00f6chte ich, wo immer ich es kann, dazu beitragen, dass Kinderaugen strahlen. Gibt es etwas Sch\u00f6neres, als Kindern die Sorgen zu nehmen und ihnen das Leben zu erleichtern?<\/p><p>In der Gabriele und Rainer Pfeiffer Stiftung kann ich als Kuratoriumsmitglied viel bewirken. Oft haben die Familien nicht die M\u00f6glichkeit, ihre Kinder zu unterst\u00fctzen. Hier kann die Stiftung einspringen. Mein Fokus liegt dabei auf Projekten in Deutschland. Ein sch\u00f6nes Beispiel ist f\u00fcr mich die Einzelf\u00f6rderung von Kindern in der Ballettschule in Lohmar. Ich bin gespannt, welche Projekte die Zukunft bringen wird.<\/p>\t\t\t\t\t\t\t\t<\/div>\n\t\t\t\t<\/div>\n\t\t<div class=\"elementor-element elementor-element-716e99e e-con-full team-photo e-flex e-con e-child\" data-id=\"716e99e\" data-element_type=\"container\" data-e-type=\"container\" data-settings=\"{&quot;background_background&quot;:&quot;classic&quot;}\">\n\t\t\t\t<\/div>\n\t\t\t\t<div class=\"elementor-element elementor-element-b1333f1 elementor-widget elementor-widget-menu-anchor\" data-id=\"b1333f1\" data-element_type=\"widget\" data-e-type=\"widget\" data-widget_type=\"menu-anchor.default\">\n\t\t\t\t<div class=\"elementor-widget-container\">\n\t\t\t\t\t\t\t<div class=\"elementor-menu-anchor\" id=\"schulte\"><\/div>\n\t\t\t\t\t\t<\/div>\n\t\t\t\t<\/div>\n\t\t\t\t\t<\/div>\n\t\t\t\t<\/div>\n\t\t<div class=\"elementor-element elementor-element-cd490ce e-grid e-con-boxed e-con e-parent\" data-id=\"cd490ce\" data-element_type=\"container\" data-e-type=\"container\" data-settings=\"{&quot;background_background&quot;:&quot;classic&quot;}\">\n\t\t\t\t\t<div class=\"e-con-inner\">\n\t\t<div class=\"elementor-element elementor-element-996c39e e-con-full team-photo e-flex e-con e-child\" data-id=\"996c39e\" data-element_type=\"container\" data-e-type=\"container\" data-settings=\"{&quot;background_background&quot;:&quot;classic&quot;}\">\n\t\t\t\t<\/div>\n\t\t\t\t<div class=\"elementor-element elementor-element-50f9240 elementor-widget elementor-widget-text-editor\" data-id=\"50f9240\" data-element_type=\"widget\" data-e-type=\"widget\" data-widget_type=\"text-editor.default\">\n\t\t\t\t<div class=\"elementor-widget-container\">\n\t\t\t\t\t\t\t\t\t<h2>Eva-Maria Schulte<\/h2><h3>\u201eKindern und Jugendlichen Teilhabe erm\u00f6glichen \u2013 davon haben alle etwas\u201c<\/h3><p>Kinder wollen dazugeh\u00f6ren. Daf\u00fcr m\u00fcssen sie oft H\u00fcrden nehmen, die Erwachsene gar nicht wahrnehmen. Die Coronazeit ist hier ein gutes Beispiel: Durch die monatelange Quarant\u00e4ne sind viele Kinder heute in ihrer motorischen Entwicklung verz\u00f6gert. Dazu kommen materielle H\u00fcrden \u2013 zum Beispiel, wenn Eltern den Schwimmkurs oder das Vereinstrikot nicht bezahlen k\u00f6nnen.<\/p><p>Hier kann die Gabriele und Rainer Pfeiffer Stiftung helfen. Eines unserer ersten Projekte war es, f\u00fcr das Agapedia-Kinderzentrum in Esslingen Kettcars und Liegefahrr\u00e4der anzuschaffen. Damit flitzen die Kinder nun \u00fcber den Hof der Einrichtung. Mit solchen pers\u00f6nlichen und gezielten F\u00f6rderungen k\u00f6nnen wir viel bewirken.<\/p>\t\t\t\t\t\t\t\t<\/div>\n\t\t\t\t<\/div>\n\t\t\t\t\t<\/div>\n\t\t\t\t<\/div>\n\t\t\t\t<\/div>\n\t\t","protected":false},"excerpt":{"rendered":"<p>Die Stiftung Gabriele und Rainer Pfeiffer blicken auf ein erfolgreiches Leben als Unternehmerehepaar zur\u00fcck. Die F\u00f6rderung sozialer Belange war beiden zeitlebens wichtig. Deshalb gr\u00fcndeten sie im Jahr 2023 die Gabriele und Rainer Pfeiffer Stiftung. Im Mittelpunkt der Stiftungsarbeit stehen benachteiligte, gehandicapte, hilfebed\u00fcrftige und Not leidende Kinder. Durch nachhaltige Projekte sollen zugleich gesellschaftliche Entwicklungen angesto\u00dfen werden. [&hellip;]<\/p>\n","protected":false},"author":1,"featured_media":0,"parent":0,"menu_order":1,"comment_status":"closed","ping_status":"closed","template":"","meta":{"ocean_post_layout":"","ocean_both_sidebars_style":"","ocean_both_sidebars_content_width":0,"ocean_both_sidebars_sidebars_width":0,"ocean_sidebar":"","ocean_second_sidebar":"","ocean_disable_margins":"enable","ocean_add_body_class":"","ocean_shortcode_before_top_bar":"","ocean_shortcode_after_top_bar":"","ocean_shortcode_before_header":"","ocean_shortcode_after_header":"","ocean_has_shortcode":"","ocean_shortcode_after_title":"","ocean_shortcode_before_footer_widgets":"","ocean_shortcode_after_footer_widgets":"","ocean_shortcode_before_footer_bottom":"","ocean_shortcode_after_footer_bottom":"","ocean_display_top_bar":"default","ocean_display_header":"default","ocean_header_style":"","ocean_center_header_left_menu":"","ocean_custom_header_template":"","ocean_custom_logo":0,"ocean_custom_retina_logo":0,"ocean_custom_logo_max_width":0,"ocean_custom_logo_tablet_max_width":0,"ocean_custom_logo_mobile_max_width":0,"ocean_custom_logo_max_height":0,"ocean_custom_logo_tablet_max_height":0,"ocean_custom_logo_mobile_max_height":0,"ocean_header_custom_menu":"","ocean_menu_typo_font_family":"","ocean_menu_typo_font_subset":"","ocean_menu_typo_font_size":0,"ocean_menu_typo_font_size_tablet":0,"ocean_menu_typo_font_size_mobile":0,"ocean_menu_typo_font_size_unit":"px","ocean_menu_typo_font_weight":"","ocean_menu_typo_font_weight_tablet":"","ocean_menu_typo_font_weight_mobile":"","ocean_menu_typo_transform":"","ocean_menu_typo_transform_tablet":"","ocean_menu_typo_transform_mobile":"","ocean_menu_typo_line_height":0,"ocean_menu_typo_line_height_tablet":0,"ocean_menu_typo_line_height_mobile":0,"ocean_menu_typo_line_height_unit":"","ocean_menu_typo_spacing":0,"ocean_menu_typo_spacing_tablet":0,"ocean_menu_typo_spacing_mobile":0,"ocean_menu_typo_spacing_unit":"","ocean_menu_link_color":"","ocean_menu_link_color_hover":"","ocean_menu_link_color_active":"","ocean_menu_link_background":"","ocean_menu_link_hover_background":"","ocean_menu_link_active_background":"","ocean_menu_social_links_bg":"","ocean_menu_social_hover_links_bg":"","ocean_menu_social_links_color":"","ocean_menu_social_hover_links_color":"","ocean_disable_title":"default","ocean_disable_heading":"default","ocean_post_title":"","ocean_post_subheading":"","ocean_post_title_style":"","ocean_post_title_background_color":"","ocean_post_title_background":0,"ocean_post_title_bg_image_position":"","ocean_post_title_bg_image_attachment":"","ocean_post_title_bg_image_repeat":"","ocean_post_title_bg_image_size":"","ocean_post_title_height":0,"ocean_post_title_bg_overlay":0.5,"ocean_post_title_bg_overlay_color":"","ocean_disable_breadcrumbs":"default","ocean_breadcrumbs_color":"","ocean_breadcrumbs_separator_color":"","ocean_breadcrumbs_links_color":"","ocean_breadcrumbs_links_hover_color":"","ocean_display_footer_widgets":"default","ocean_display_footer_bottom":"default","ocean_custom_footer_template":"","footnotes":""},"class_list":["post-72","page","type-page","status-publish","hentry","entry"],"yoast_head":"<!-- This site is optimized with the Yoast SEO plugin v27.2 - https:\/\/yoast.com\/product\/yoast-seo-wordpress\/ -->\n<title>Die Stiftung - Gabriele und Rainer Pfeiffer Stiftung<\/title>\n<meta name=\"robots\" content=\"index, follow, max-snippet:-1, max-image-preview:large, max-video-preview:-1\" \/>\n<link rel=\"canonical\" href=\"https:\/\/pfeifferstiftung.eu\/index.php\/die-stiftung\/\" \/>\n<meta property=\"og:locale\" content=\"de_DE\" \/>\n<meta property=\"og:type\" content=\"article\" \/>\n<meta property=\"og:title\" content=\"Die Stiftung - Gabriele und Rainer Pfeiffer Stiftung\" \/>\n<meta property=\"og:description\" content=\"Die Stiftung Gabriele und Rainer Pfeiffer blicken auf ein erfolgreiches Leben als Unternehmerehepaar zur\u00fcck. Die F\u00f6rderung sozialer Belange war beiden zeitlebens wichtig. Deshalb gr\u00fcndeten sie im Jahr 2023 die Gabriele und Rainer Pfeiffer Stiftung. Im Mittelpunkt der Stiftungsarbeit stehen benachteiligte, gehandicapte, hilfebed\u00fcrftige und Not leidende Kinder. Durch nachhaltige Projekte sollen zugleich gesellschaftliche Entwicklungen angesto\u00dfen werden. [&hellip;]\" \/>\n<meta property=\"og:url\" content=\"https:\/\/pfeifferstiftung.eu\/index.php\/die-stiftung\/\" \/>\n<meta property=\"og:site_name\" content=\"Gabriele und Rainer Pfeiffer Stiftung\" \/>\n<meta property=\"article:modified_time\" content=\"2026-03-25T12:56:45+00:00\" \/>\n<meta name=\"twitter:card\" content=\"summary_large_image\" \/>\n<meta name=\"twitter:label1\" content=\"Gesch\u00e4tzte Lesezeit\" \/>\n\t<meta name=\"twitter:data1\" content=\"4\u00a0Minuten\" \/>\n<script type=\"application\/ld+json\" class=\"yoast-schema-graph\">{\"@context\":\"https:\/\/schema.org\",\"@graph\":[{\"@type\":\"WebPage\",\"@id\":\"https:\/\/pfeifferstiftung.eu\/index.php\/die-stiftung\/\",\"url\":\"https:\/\/pfeifferstiftung.eu\/index.php\/die-stiftung\/\",\"name\":\"Die Stiftung - Gabriele und Rainer Pfeiffer Stiftung\",\"isPartOf\":{\"@id\":\"https:\/\/pfeifferstiftung.eu\/#website\"},\"datePublished\":\"2024-11-24T08:50:20+00:00\",\"dateModified\":\"2026-03-25T12:56:45+00:00\",\"breadcrumb\":{\"@id\":\"https:\/\/pfeifferstiftung.eu\/index.php\/die-stiftung\/#breadcrumb\"},\"inLanguage\":\"de\",\"potentialAction\":[{\"@type\":\"ReadAction\",\"target\":[\"https:\/\/pfeifferstiftung.eu\/index.php\/die-stiftung\/\"]}]},{\"@type\":\"BreadcrumbList\",\"@id\":\"https:\/\/pfeifferstiftung.eu\/index.php\/die-stiftung\/#breadcrumb\",\"itemListElement\":[{\"@type\":\"ListItem\",\"position\":1,\"name\":\"Startseite\",\"item\":\"https:\/\/pfeifferstiftung.eu\/\"},{\"@type\":\"ListItem\",\"position\":2,\"name\":\"Die Stiftung\"}]},{\"@type\":\"WebSite\",\"@id\":\"https:\/\/pfeifferstiftung.eu\/#website\",\"url\":\"https:\/\/pfeifferstiftung.eu\/\",\"name\":\"Gabriele und Rainer Pfeiffer Stiftung\",\"description\":\"\",\"publisher\":{\"@id\":\"https:\/\/pfeifferstiftung.eu\/#organization\"},\"potentialAction\":[{\"@type\":\"SearchAction\",\"target\":{\"@type\":\"EntryPoint\",\"urlTemplate\":\"https:\/\/pfeifferstiftung.eu\/?s={search_term_string}\"},\"query-input\":{\"@type\":\"PropertyValueSpecification\",\"valueRequired\":true,\"valueName\":\"search_term_string\"}}],\"inLanguage\":\"de\"},{\"@type\":\"Organization\",\"@id\":\"https:\/\/pfeifferstiftung.eu\/#organization\",\"name\":\"Gabriele und Rainer Pfeiffer Stiftung\",\"url\":\"https:\/\/pfeifferstiftung.eu\/\",\"logo\":{\"@type\":\"ImageObject\",\"inLanguage\":\"de\",\"@id\":\"https:\/\/pfeifferstiftung.eu\/#\/schema\/logo\/image\/\",\"url\":\"https:\/\/pfeifferstiftung.eu\/wp-content\/uploads\/2024\/11\/pfst_Logo.png\",\"contentUrl\":\"https:\/\/pfeifferstiftung.eu\/wp-content\/uploads\/2024\/11\/pfst_Logo.png\",\"width\":933,\"height\":267,\"caption\":\"Gabriele und Rainer Pfeiffer Stiftung\"},\"image\":{\"@id\":\"https:\/\/pfeifferstiftung.eu\/#\/schema\/logo\/image\/\"}}]}<\/script>\n<!-- \/ Yoast SEO plugin. -->","yoast_head_json":{"title":"Die Stiftung - Gabriele und Rainer Pfeiffer Stiftung","robots":{"index":"index","follow":"follow","max-snippet":"max-snippet:-1","max-image-preview":"max-image-preview:large","max-video-preview":"max-video-preview:-1"},"canonical":"https:\/\/pfeifferstiftung.eu\/index.php\/die-stiftung\/","og_locale":"de_DE","og_type":"article","og_title":"Die Stiftung - Gabriele und Rainer Pfeiffer Stiftung","og_description":"Die Stiftung Gabriele und Rainer Pfeiffer blicken auf ein erfolgreiches Leben als Unternehmerehepaar zur\u00fcck. Die F\u00f6rderung sozialer Belange war beiden zeitlebens wichtig. Deshalb gr\u00fcndeten sie im Jahr 2023 die Gabriele und Rainer Pfeiffer Stiftung. Im Mittelpunkt der Stiftungsarbeit stehen benachteiligte, gehandicapte, hilfebed\u00fcrftige und Not leidende Kinder. Durch nachhaltige Projekte sollen zugleich gesellschaftliche Entwicklungen angesto\u00dfen werden. [&hellip;]","og_url":"https:\/\/pfeifferstiftung.eu\/index.php\/die-stiftung\/","og_site_name":"Gabriele und Rainer Pfeiffer Stiftung","article_modified_time":"2026-03-25T12:56:45+00:00","twitter_card":"summary_large_image","twitter_misc":{"Gesch\u00e4tzte Lesezeit":"4\u00a0Minuten"},"schema":{"@context":"https:\/\/schema.org","@graph":[{"@type":"WebPage","@id":"https:\/\/pfeifferstiftung.eu\/index.php\/die-stiftung\/","url":"https:\/\/pfeifferstiftung.eu\/index.php\/die-stiftung\/","name":"Die Stiftung - Gabriele und Rainer Pfeiffer Stiftung","isPartOf":{"@id":"https:\/\/pfeifferstiftung.eu\/#website"},"datePublished":"2024-11-24T08:50:20+00:00","dateModified":"2026-03-25T12:56:45+00:00","breadcrumb":{"@id":"https:\/\/pfeifferstiftung.eu\/index.php\/die-stiftung\/#breadcrumb"},"inLanguage":"de","potentialAction":[{"@type":"ReadAction","target":["https:\/\/pfeifferstiftung.eu\/index.php\/die-stiftung\/"]}]},{"@type":"BreadcrumbList","@id":"https:\/\/pfeifferstiftung.eu\/index.php\/die-stiftung\/#breadcrumb","itemListElement":[{"@type":"ListItem","position":1,"name":"Startseite","item":"https:\/\/pfeifferstiftung.eu\/"},{"@type":"ListItem","position":2,"name":"Die Stiftung"}]},{"@type":"WebSite","@id":"https:\/\/pfeifferstiftung.eu\/#website","url":"https:\/\/pfeifferstiftung.eu\/","name":"Gabriele und Rainer Pfeiffer Stiftung","description":"","publisher":{"@id":"https:\/\/pfeifferstiftung.eu\/#organization"},"potentialAction":[{"@type":"SearchAction","target":{"@type":"EntryPoint","urlTemplate":"https:\/\/pfeifferstiftung.eu\/?s={search_term_string}"},"query-input":{"@type":"PropertyValueSpecification","valueRequired":true,"valueName":"search_term_string"}}],"inLanguage":"de"},{"@type":"Organization","@id":"https:\/\/pfeifferstiftung.eu\/#organization","name":"Gabriele und Rainer Pfeiffer Stiftung","url":"https:\/\/pfeifferstiftung.eu\/","logo":{"@type":"ImageObject","inLanguage":"de","@id":"https:\/\/pfeifferstiftung.eu\/#\/schema\/logo\/image\/","url":"https:\/\/pfeifferstiftung.eu\/wp-content\/uploads\/2024\/11\/pfst_Logo.png","contentUrl":"https:\/\/pfeifferstiftung.eu\/wp-content\/uploads\/2024\/11\/pfst_Logo.png","width":933,"height":267,"caption":"Gabriele und Rainer Pfeiffer Stiftung"},"image":{"@id":"https:\/\/pfeifferstiftung.eu\/#\/schema\/logo\/image\/"}}]}},"_links":{"self":[{"href":"https:\/\/pfeifferstiftung.eu\/index.php\/wp-json\/wp\/v2\/pages\/72","targetHints":{"allow":["GET"]}}],"collection":[{"href":"https:\/\/pfeifferstiftung.eu\/index.php\/wp-json\/wp\/v2\/pages"}],"about":[{"href":"https:\/\/pfeifferstiftung.eu\/index.php\/wp-json\/wp\/v2\/types\/page"}],"author":[{"embeddable":true,"href":"https:\/\/pfeifferstiftung.eu\/index.php\/wp-json\/wp\/v2\/users\/1"}],"replies":[{"embeddable":true,"href":"https:\/\/pfeifferstiftung.eu\/index.php\/wp-json\/wp\/v2\/comments?post=72"}],"version-history":[{"count":70,"href":"https:\/\/pfeifferstiftung.eu\/index.php\/wp-json\/wp\/v2\/pages\/72\/revisions"}],"predecessor-version":[{"id":679,"href":"https:\/\/pfeifferstiftung.eu\/index.php\/wp-json\/wp\/v2\/pages\/72\/revisions\/679"}],"wp:attachment":[{"href":"https:\/\/pfeifferstiftung.eu\/index.php\/wp-json\/wp\/v2\/media?parent=72"}],"curies":[{"name":"wp","href":"https:\/\/api.w.org\/{rel}","templated":true}]}}